{"id":5,"date":"2023-12-12T17:21:27","date_gmt":"2023-12-12T17:21:27","guid":{"rendered":"http:\/\/tierphysiorudow.de\/willkommen-auf-http-tierphysiorudow-de\/"},"modified":"2026-03-01T16:02:18","modified_gmt":"2026-03-01T16:02:18","slug":"willkommen-auf-http-tierphysiorudow-de","status":"publish","type":"page","link":"https:\/\/tierphysiorudow.de\/en\/willkommen-auf-http-tierphysiorudow-de\/","title":{"rendered":"Services"},"content":{"rendered":"<h2 class=\"wp-block-heading has-text-align-center has-text-color has-link-color wp-elements-711dc3e82fbb02675d1532baa59e1309\" style=\"color:#000000bd\"><\/h2>\n\n\n\n<hr class=\"wp-block-separator has-alpha-channel-opacity is-style-dots\"\/>\n\n\n\n<div class=\"wp-block-media-text is-stacked-on-mobile is-vertically-aligned-center\" style=\"grid-template-columns:21% auto\"><figure class=\"wp-block-media-text__media\"><img loading=\"lazy\" decoding=\"async\" width=\"768\" height=\"1024\" src=\"https:\/\/tierphysiorudow.de\/wp-content\/uploads\/2024\/01\/OKZE8324-768x1024.jpg\" alt=\"\" class=\"wp-image-114 size-full\" srcset=\"https:\/\/tierphysiorudow.de\/wp-content\/uploads\/2024\/01\/OKZE8324-768x1023.jpg 768w, https:\/\/tierphysiorudow.de\/wp-content\/uploads\/2024\/01\/OKZE8324-225x300.jpg 225w, https:\/\/tierphysiorudow.de\/wp-content\/uploads\/2024\/01\/OKZE8324-1153x1536.jpg 1153w, https:\/\/tierphysiorudow.de\/wp-content\/uploads\/2024\/01\/OKZE8324.jpg 1200w\" sizes=\"auto, (max-width: 768px) 100vw, 768px\" \/><\/figure><div class=\"wp-block-media-text__content\">\n<p class=\"has-text-align-center has-large-font-size\"><\/p>\n\n\n\n<details class=\"wp-block-details is-layout-flow wp-block-details-is-layout-flow\"><summary>Diverse Therapeutic Approaches<\/summary>\n<p class=\"has-text-align-left\">Every animal is unique, and I therefore tailor my physiotherapeutic work accordingly. From manual techniques and targeted exercises to modern physiotherapy methods, I apply a broad range of approaches. This enables a holistic assessment and targeted support of various bodily functions.<\/p>\n<\/details>\n<\/div><\/div>\n\n\n\n<hr class=\"wp-block-separator has-alpha-channel-opacity is-style-dots\"\/>\n\n\n\n<div class=\"wp-block-media-text is-stacked-on-mobile is-vertically-aligned-center\" style=\"grid-template-columns:21% auto\"><figure class=\"wp-block-media-text__media\"><img loading=\"lazy\" decoding=\"async\" width=\"515\" height=\"1024\" src=\"https:\/\/tierphysiorudow.de\/wp-content\/uploads\/2024\/01\/AAZF6034-Kopie-1-515x1024.jpg\" alt=\"\" class=\"wp-image-185 size-full\" srcset=\"https:\/\/tierphysiorudow.de\/wp-content\/uploads\/2024\/01\/AAZF6034-Kopie-1-515x1024.jpg 515w, https:\/\/tierphysiorudow.de\/wp-content\/uploads\/2024\/01\/AAZF6034-Kopie-1-151x300.jpg 151w, https:\/\/tierphysiorudow.de\/wp-content\/uploads\/2024\/01\/AAZF6034-Kopie-1-768x1526.jpg 768w, https:\/\/tierphysiorudow.de\/wp-content\/uploads\/2024\/01\/AAZF6034-Kopie-1-773x1536.jpg 773w, https:\/\/tierphysiorudow.de\/wp-content\/uploads\/2024\/01\/AAZF6034-Kopie-1.jpg 805w\" sizes=\"auto, (max-width: 515px) 100vw, 515px\" \/><\/figure><div class=\"wp-block-media-text__content\">\n<details class=\"wp-block-details is-layout-flow wp-block-details-is-layout-flow\"><summary>Pain Management<\/summary>\n<p class=\"has-text-align-left\">Pain can significantly affect overall well-being. My focus is on identifying sources of pain and alleviating them through targeted measures such as massage, stretching exercises, and physical therapy.<\/p>\n<\/details>\n<\/div><\/div>\n\n\n\n<hr class=\"wp-block-separator has-alpha-channel-opacity is-style-dots\"\/>\n\n\n\n<div class=\"wp-block-group is-layout-flow wp-block-group-is-layout-flow\">\n<div class=\"wp-block-media-text is-stacked-on-mobile is-vertically-aligned-center\" style=\"grid-template-columns:21% auto\"><figure class=\"wp-block-media-text__media\"><img loading=\"lazy\" decoding=\"async\" width=\"768\" height=\"1024\" src=\"https:\/\/tierphysiorudow.de\/wp-content\/uploads\/2024\/01\/PAIW0459-768x1024.jpg\" alt=\"\" class=\"wp-image-150 size-full\" srcset=\"https:\/\/tierphysiorudow.de\/wp-content\/uploads\/2024\/01\/PAIW0459-768x1024.jpg 768w, https:\/\/tierphysiorudow.de\/wp-content\/uploads\/2024\/01\/PAIW0459-225x300.jpg 225w, https:\/\/tierphysiorudow.de\/wp-content\/uploads\/2024\/01\/PAIW0459-1152x1536.jpg 1152w, https:\/\/tierphysiorudow.de\/wp-content\/uploads\/2024\/01\/PAIW0459.jpg 1200w\" sizes=\"auto, (max-width: 768px) 100vw, 768px\" \/><\/figure><div class=\"wp-block-media-text__content\">\n<details class=\"wp-block-details is-layout-flow wp-block-details-is-layout-flow\"><summary>Rehabilitation after Injuries or Surgery<\/summary>\n<p class=\"has-text-align-left\">After injuries or surgical procedures, appropriate rehabilitation is essential. I support your animals throughout their full recovery, assist the healing process, and help them regain fitness and activity.<\/p>\n<\/details>\n<\/div><\/div>\n\n\n\n<hr class=\"wp-block-separator has-alpha-channel-opacity is-style-dots\"\/>\n\n\n\n<div class=\"wp-block-media-text is-stacked-on-mobile is-vertically-aligned-center\" style=\"grid-template-columns:21% auto\"><figure class=\"wp-block-media-text__media\"><img loading=\"lazy\" decoding=\"async\" width=\"488\" height=\"670\" src=\"https:\/\/tierphysiorudow.de\/wp-content\/uploads\/2024\/03\/WhatsApp-Image-2024-03-01-at-21.11.09.jpeg\" alt=\"\" class=\"wp-image-323 size-full\" srcset=\"https:\/\/tierphysiorudow.de\/wp-content\/uploads\/2024\/03\/WhatsApp-Image-2024-03-01-at-21.11.09.jpeg 488w, https:\/\/tierphysiorudow.de\/wp-content\/uploads\/2024\/03\/WhatsApp-Image-2024-03-01-at-21.11.09-219x300.jpeg 219w\" sizes=\"auto, (max-width: 488px) 100vw, 488px\" \/><\/figure><div class=\"wp-block-media-text__content\">\n<details class=\"wp-block-details is-layout-flow wp-block-details-is-layout-flow\"><summary>Preventive Measures<\/summary>\n<p class=\"has-text-align-left\">Not only in cases of illness, but also preventively, I provide valuable support. Through targeted training and advice, I help prevent potential health issues and contribute to maintaining your animals\u2019 quality of life in the long term.<\/p>\n<\/details>\n<\/div><\/div>\n\n\n\n<hr class=\"wp-block-separator has-alpha-channel-opacity is-style-dots\"\/>\n\n\n\n<div class=\"wp-block-media-text is-stacked-on-mobile is-vertically-aligned-center\" style=\"grid-template-columns:21% auto\"><figure class=\"wp-block-media-text__media\"><img loading=\"lazy\" decoding=\"async\" width=\"768\" height=\"1024\" src=\"https:\/\/tierphysiorudow.de\/wp-content\/uploads\/2024\/12\/457738188_990910389383429_1708936953090996237_n-768x1024.jpg\" alt=\"\" class=\"wp-image-482 size-full\" srcset=\"https:\/\/tierphysiorudow.de\/wp-content\/uploads\/2024\/12\/457738188_990910389383429_1708936953090996237_n-768x1024.jpg 768w, https:\/\/tierphysiorudow.de\/wp-content\/uploads\/2024\/12\/457738188_990910389383429_1708936953090996237_n-225x300.jpg 225w, https:\/\/tierphysiorudow.de\/wp-content\/uploads\/2024\/12\/457738188_990910389383429_1708936953090996237_n-1152x1536.jpg 1152w, https:\/\/tierphysiorudow.de\/wp-content\/uploads\/2024\/12\/457738188_990910389383429_1708936953090996237_n.jpg 1536w\" sizes=\"auto, (max-width: 768px) 100vw, 768px\" \/><\/figure><div class=\"wp-block-media-text__content\">\n<details class=\"wp-block-details is-layout-flow wp-block-details-is-layout-flow\"><summary>Acupuncture<\/summary>\n<p class=\"has-text-align-left\">Acupuncture is a holistic therapy in which fine needles are placed at specific points to regulate the body\u2019s energy flow, relieve pain, and activate the body\u2019s self-healing abilities.<\/p>\n<\/details>\n<\/div><\/div>\n<\/div>\n\n\n\n<div class=\"wp-block-columns is-layout-flex wp-container-core-columns-is-layout-28f84493 wp-block-columns-is-layout-flex\">\n<div class=\"wp-block-column is-layout-flow wp-block-column-is-layout-flow\" style=\"flex-basis:100%\">\n<hr class=\"wp-block-separator has-alpha-channel-opacity is-style-dots\"\/>\n<\/div>\n<\/div>\n\n\n\n<p><\/p>\n\n\n\n<p><\/p>\n\n\n\n<p><\/p>\n\n\n\n<p><\/p>\n\n\n\n<div class=\"wp-block-group basal-fse-images-box-section has-foreground-background-color has-background is-layout-constrained wp-container-core-group-is-layout-8e7900ee wp-block-group-is-layout-constrained\" style=\"padding-right:15px;padding-left:15px\">\n<p class=\"has-text-align-center\"><strong>Customer Feedback<\/strong><\/p>\n<\/div>\n\n\n\n<div class=\"wp-block-group basal-fse-images-box-section has-foreground-background-color has-background is-layout-constrained wp-container-core-group-is-layout-8e7900ee wp-block-group-is-layout-constrained\" style=\"padding-right:15px;padding-left:15px\">\n<p class=\"has-text-align-center\">\u201cFelt very well taken care of.<br>Nadine handled my gelding in a very empathetic way, and I felt listened to and understood.<br>She calmly and clearly explained any questions about the treatment. We are very happy with the treatment.\u201d<\/p>\n\n\n\n<p class=\"has-text-align-center\">(Marie)<\/p>\n\n\n\n<hr class=\"wp-block-separator has-alpha-channel-opacity is-style-dots\"\/>\n\n\n\n<p><\/p>\n\n\n\n<p class=\"has-text-align-center\">\u201cMy horse and I were more than satisfied with the treatment! Immediately after the first ride following the session, he moved much more freely and contentedly. Highly recommended!\u201d<\/p>\n\n\n\n<p class=\"has-text-align-center\">(Rika)<\/p>\n\n\n\n<hr class=\"wp-block-separator has-alpha-channel-opacity is-style-dots\"\/>\n\n\n\n<p><\/p>\n\n\n\n<p class=\"has-text-align-center\">\u201cLucifer (4-year-old draft horse gelding) and I were very happy with Nadine. From the phone appointment scheduling to the farewell on site, everything was calm, patient, and very friendly! WhatsApp support with follow-up questions and tips was included afterwards as well. Really great\u2014you can tell she does her job with heart. We will definitely book Nadine again!\u201d<\/p>\n\n\n\n<p class=\"has-text-align-center\">(Nadja)<\/p>\n\n\n\n<hr class=\"wp-block-separator has-alpha-channel-opacity is-style-dots\"\/>\n\n\n\n<p><\/p>\n\n\n\n<p class=\"has-text-align-center\">\u201cNadine treated my French Bulldog very gently and effectively.<br>Highly recommended!\u201d<\/p>\n\n\n\n<p class=\"has-text-align-center\">(Viola)<\/p>\n<\/div>","protected":false},"excerpt":{"rendered":"<p>Kundenfeedback &#8222;Haben uns sehr gut aufgehoben gef\u00fchlt.Nadine ist sehr einf\u00fchlsam mit meinem Wallach umgegangen und ich habe mich angeh\u00f6rt und verstanden gef\u00fchlt.Fragen zur Behandlung hat sie mir ruhig und verst\u00e4ndlich [&hellip;]<\/p>\n","protected":false},"author":2,"featured_media":0,"parent":0,"menu_order":0,"comment_status":"closed","ping_status":"closed","template":"","meta":{"_EventAllDay":false,"_EventTimezone":"","_EventStartDate":"","_EventEndDate":"","_EventStartDateUTC":"","_EventEndDateUTC":"","_EventShowMap":false,"_EventShowMapLink":false,"_EventURL":"","_EventCost":"","_EventCostDescription":"","_EventCurrencySymbol":"","_EventCurrencyCode":"","_EventCurrencyPosition":"","_EventDateTimeSeparator":"","_EventTimeRangeSeparator":"","_EventOrganizerID":[],"_EventVenueID":[],"_OrganizerEmail":"","_OrganizerPhone":"","_OrganizerWebsite":"","_VenueAddress":"","_VenueCity":"","_VenueCountry":"","_VenueProvince":"","_VenueState":"","_VenueZip":"","_VenuePhone":"","_VenueURL":"","_VenueStateProvince":"","_VenueLat":"","_VenueLng":"","_VenueShowMap":false,"_VenueShowMapLink":false,"footnotes":""},"class_list":["post-5","page","type-page","status-publish","hentry"],"_links":{"self":[{"href":"https:\/\/tierphysiorudow.de\/en\/wp-json\/wp\/v2\/pages\/5","targetHints":{"allow":["GET"]}}],"collection":[{"href":"https:\/\/tierphysiorudow.de\/en\/wp-json\/wp\/v2\/pages"}],"about":[{"href":"https:\/\/tierphysiorudow.de\/en\/wp-json\/wp\/v2\/types\/page"}],"author":[{"embeddable":true,"href":"https:\/\/tierphysiorudow.de\/en\/wp-json\/wp\/v2\/users\/2"}],"replies":[{"embeddable":true,"href":"https:\/\/tierphysiorudow.de\/en\/wp-json\/wp\/v2\/comments?post=5"}],"version-history":[{"count":69,"href":"https:\/\/tierphysiorudow.de\/en\/wp-json\/wp\/v2\/pages\/5\/revisions"}],"predecessor-version":[{"id":538,"href":"https:\/\/tierphysiorudow.de\/en\/wp-json\/wp\/v2\/pages\/5\/revisions\/538"}],"wp:attachment":[{"href":"https:\/\/tierphysiorudow.de\/en\/wp-json\/wp\/v2\/media?parent=5"}],"curies":[{"name":"wp","href":"https:\/\/api.w.org\/{rel}","templated":true}]}}